{"id":1544,"date":"2024-10-21T17:00:22","date_gmt":"2024-10-21T15:00:22","guid":{"rendered":"http:\/\/degrouq.cluster100.hosting.ovh.net\/DB\/experiencia-fiscal\/"},"modified":"2024-11-20T17:45:01","modified_gmt":"2024-11-20T16:45:01","slug":"experiencia-fiscal","status":"publish","type":"page","link":"https:\/\/www.degrouxbrugere.com\/es\/experiencia-fiscal\/","title":{"rendered":"Experiencia Fiscal"},"content":{"rendered":"\n<p>Degroux Brug\u00e8re es, desde hace varias generaciones, un bufete l\u00edder en derecho fiscal, especializado en el asesoramiento fiscal de grupos familiares y clientes privados de fundadores y directivos de empresas, en particular en relaci\u00f3n con transmisiones de empresas, fusiones y adquisiciones, gesti\u00f3n de activos y asistencia en auditor\u00edas fiscales.<\/p>\n\n<p><\/p>\n\n<p><\/p>\n","protected":false},"excerpt":{"rendered":"<p>Degroux Brug\u00e8re es, desde hace varias generaciones, un bufete l\u00edder en derecho fiscal, especializado en el asesoramiento fiscal de grupos familiares y clientes privados de fundadores y directivos de empresas, en particular en relaci\u00f3n con transmisiones de empresas, fusiones y adquisiciones, gesti\u00f3n de activos y asistencia en auditor\u00edas fiscales.<\/p>\n","protected":false},"author":2,"featured_media":2618,"parent":0,"menu_order":33,"comment_status":"closed","ping_status":"closed","template":"","meta":{"_acf_changed":false,"footnotes":""},"class_list":["post-1544","page","type-page","status-publish","has-post-thumbnail","hentry"],"acf":[],"yoast_head":"<!-- This site is optimized with the Yoast SEO plugin v26.5 - https:\/\/yoast.com\/wordpress\/plugins\/seo\/ -->\n<title>Experiencia Fiscal - Degroux Brug\u00e8re<\/title>\n<meta name=\"robots\" content=\"index, follow, max-snippet:-1, max-image-preview:large, max-video-preview:-1\" \/>\n<link rel=\"canonical\" href=\"https:\/\/www.degrouxbrugere.com\/es\/experiencia-fiscal\/\" \/>\n<meta property=\"og:locale\" content=\"es_ES\" \/>\n<meta property=\"og:type\" content=\"article\" \/>\n<meta property=\"og:title\" content=\"Experiencia Fiscal - Degroux Brug\u00e8re\" \/>\n<meta property=\"og:description\" content=\"Degroux Brug\u00e8re es, desde hace varias generaciones, un bufete l\u00edder en derecho fiscal, especializado en el asesoramiento fiscal de grupos familiares y clientes privados de fundadores y directivos de empresas, en particular en relaci\u00f3n con transmisiones de empresas, fusiones y adquisiciones, gesti\u00f3n de activos y asistencia en auditor\u00edas fiscales.\" \/>\n<meta property=\"og:url\" content=\"https:\/\/www.degrouxbrugere.com\/es\/experiencia-fiscal\/\" \/>\n<meta property=\"og:site_name\" content=\"Degroux Brug\u00e8re\" \/>\n<meta property=\"article:modified_time\" content=\"2024-11-20T16:45:01+00:00\" \/>\n<meta property=\"og:image\" content=\"https:\/\/www.degrouxbrugere.com\/wp-content\/uploads\/2024\/10\/DEGROUX_STILL-51-1024x682.jpg\" \/>\n\t<meta property=\"og:image:width\" content=\"1024\" \/>\n\t<meta property=\"og:image:height\" content=\"682\" \/>\n\t<meta property=\"og:image:type\" content=\"image\/jpeg\" \/>\n<meta name=\"twitter:card\" content=\"summary_large_image\" \/>\n<script type=\"application\/ld+json\" class=\"yoast-schema-graph\">{\"@context\":\"https:\/\/schema.org\",\"@graph\":[{\"@type\":\"WebPage\",\"@id\":\"https:\/\/www.degrouxbrugere.com\/es\/experiencia-fiscal\/\",\"url\":\"https:\/\/www.degrouxbrugere.com\/es\/experiencia-fiscal\/\",\"name\":\"Experiencia Fiscal - Degroux Brug\u00e8re\",\"isPartOf\":{\"@id\":\"https:\/\/www.degrouxbrugere.com\/es\/#website\"},\"primaryImageOfPage\":{\"@id\":\"https:\/\/www.degrouxbrugere.com\/es\/experiencia-fiscal\/#primaryimage\"},\"image\":{\"@id\":\"https:\/\/www.degrouxbrugere.com\/es\/experiencia-fiscal\/#primaryimage\"},\"thumbnailUrl\":\"https:\/\/www.degrouxbrugere.com\/wp-content\/uploads\/2024\/12\/DEGROUX_STILL-45-1.jpg\",\"datePublished\":\"2024-10-21T15:00:22+00:00\",\"dateModified\":\"2024-11-20T16:45:01+00:00\",\"breadcrumb\":{\"@id\":\"https:\/\/www.degrouxbrugere.com\/es\/experiencia-fiscal\/#breadcrumb\"},\"inLanguage\":\"es\",\"potentialAction\":[{\"@type\":\"ReadAction\",\"target\":[\"https:\/\/www.degrouxbrugere.com\/es\/experiencia-fiscal\/\"]}]},{\"@type\":\"ImageObject\",\"inLanguage\":\"es\",\"@id\":\"https:\/\/www.degrouxbrugere.com\/es\/experiencia-fiscal\/#primaryimage\",\"url\":\"https:\/\/www.degrouxbrugere.com\/wp-content\/uploads\/2024\/12\/DEGROUX_STILL-45-1.jpg\",\"contentUrl\":\"https:\/\/www.degrouxbrugere.com\/wp-content\/uploads\/2024\/12\/DEGROUX_STILL-45-1.jpg\",\"width\":2000,\"height\":1333},{\"@type\":\"BreadcrumbList\",\"@id\":\"https:\/\/www.degrouxbrugere.com\/es\/experiencia-fiscal\/#breadcrumb\",\"itemListElement\":[{\"@type\":\"ListItem\",\"position\":1,\"name\":\"Accueil\",\"item\":\"https:\/\/www.degrouxbrugere.com\/es\/pagina-de-inicio\/\"},{\"@type\":\"ListItem\",\"position\":2,\"name\":\"Experiencia Fiscal\"}]},{\"@type\":\"WebSite\",\"@id\":\"https:\/\/www.degrouxbrugere.com\/es\/#website\",\"url\":\"https:\/\/www.degrouxbrugere.com\/es\/\",\"name\":\"Degroux Brug\u00e8re\",\"description\":\"\",\"publisher\":{\"@id\":\"https:\/\/www.degrouxbrugere.com\/es\/#organization\"},\"potentialAction\":[{\"@type\":\"SearchAction\",\"target\":{\"@type\":\"EntryPoint\",\"urlTemplate\":\"https:\/\/www.degrouxbrugere.com\/es\/?s={search_term_string}\"},\"query-input\":{\"@type\":\"PropertyValueSpecification\",\"valueRequired\":true,\"valueName\":\"search_term_string\"}}],\"inLanguage\":\"es\"},{\"@type\":\"Organization\",\"@id\":\"https:\/\/www.degrouxbrugere.com\/es\/#organization\",\"name\":\"Degroux Brug\u00e8re\",\"url\":\"https:\/\/www.degrouxbrugere.com\/es\/\",\"logo\":{\"@type\":\"ImageObject\",\"inLanguage\":\"es\",\"@id\":\"https:\/\/www.degrouxbrugere.com\/es\/#\/schema\/logo\/image\/\",\"url\":\"https:\/\/www.degrouxbrugere.com\/wp-content\/uploads\/2024\/07\/logo-1.png\",\"contentUrl\":\"https:\/\/www.degrouxbrugere.com\/wp-content\/uploads\/2024\/07\/logo-1.png\",\"width\":122,\"height\":48,\"caption\":\"Degroux Brug\u00e8re\"},\"image\":{\"@id\":\"https:\/\/www.degrouxbrugere.com\/es\/#\/schema\/logo\/image\/\"}}]}<\/script>\n<!-- \/ Yoast SEO plugin. -->","yoast_head_json":{"title":"Experiencia Fiscal - Degroux Brug\u00e8re","robots":{"index":"index","follow":"follow","max-snippet":"max-snippet:-1","max-image-preview":"max-image-preview:large","max-video-preview":"max-video-preview:-1"},"canonical":"https:\/\/www.degrouxbrugere.com\/es\/experiencia-fiscal\/","og_locale":"es_ES","og_type":"article","og_title":"Experiencia Fiscal - Degroux Brug\u00e8re","og_description":"Degroux Brug\u00e8re es, desde hace varias generaciones, un bufete l\u00edder en derecho fiscal, especializado en el asesoramiento fiscal de grupos familiares y clientes privados de fundadores y directivos de empresas, en particular en relaci\u00f3n con transmisiones de empresas, fusiones y adquisiciones, gesti\u00f3n de activos y asistencia en auditor\u00edas fiscales.","og_url":"https:\/\/www.degrouxbrugere.com\/es\/experiencia-fiscal\/","og_site_name":"Degroux Brug\u00e8re","article_modified_time":"2024-11-20T16:45:01+00:00","og_image":[{"width":1024,"height":682,"url":"https:\/\/www.degrouxbrugere.com\/wp-content\/uploads\/2024\/10\/DEGROUX_STILL-51-1024x682.jpg","type":"image\/jpeg"}],"twitter_card":"summary_large_image","schema":{"@context":"https:\/\/schema.org","@graph":[{"@type":"WebPage","@id":"https:\/\/www.degrouxbrugere.com\/es\/experiencia-fiscal\/","url":"https:\/\/www.degrouxbrugere.com\/es\/experiencia-fiscal\/","name":"Experiencia Fiscal - Degroux Brug\u00e8re","isPartOf":{"@id":"https:\/\/www.degrouxbrugere.com\/es\/#website"},"primaryImageOfPage":{"@id":"https:\/\/www.degrouxbrugere.com\/es\/experiencia-fiscal\/#primaryimage"},"image":{"@id":"https:\/\/www.degrouxbrugere.com\/es\/experiencia-fiscal\/#primaryimage"},"thumbnailUrl":"https:\/\/www.degrouxbrugere.com\/wp-content\/uploads\/2024\/12\/DEGROUX_STILL-45-1.jpg","datePublished":"2024-10-21T15:00:22+00:00","dateModified":"2024-11-20T16:45:01+00:00","breadcrumb":{"@id":"https:\/\/www.degrouxbrugere.com\/es\/experiencia-fiscal\/#breadcrumb"},"inLanguage":"es","potentialAction":[{"@type":"ReadAction","target":["https:\/\/www.degrouxbrugere.com\/es\/experiencia-fiscal\/"]}]},{"@type":"ImageObject","inLanguage":"es","@id":"https:\/\/www.degrouxbrugere.com\/es\/experiencia-fiscal\/#primaryimage","url":"https:\/\/www.degrouxbrugere.com\/wp-content\/uploads\/2024\/12\/DEGROUX_STILL-45-1.jpg","contentUrl":"https:\/\/www.degrouxbrugere.com\/wp-content\/uploads\/2024\/12\/DEGROUX_STILL-45-1.jpg","width":2000,"height":1333},{"@type":"BreadcrumbList","@id":"https:\/\/www.degrouxbrugere.com\/es\/experiencia-fiscal\/#breadcrumb","itemListElement":[{"@type":"ListItem","position":1,"name":"Accueil","item":"https:\/\/www.degrouxbrugere.com\/es\/pagina-de-inicio\/"},{"@type":"ListItem","position":2,"name":"Experiencia Fiscal"}]},{"@type":"WebSite","@id":"https:\/\/www.degrouxbrugere.com\/es\/#website","url":"https:\/\/www.degrouxbrugere.com\/es\/","name":"Degroux Brug\u00e8re","description":"","publisher":{"@id":"https:\/\/www.degrouxbrugere.com\/es\/#organization"},"potentialAction":[{"@type":"SearchAction","target":{"@type":"EntryPoint","urlTemplate":"https:\/\/www.degrouxbrugere.com\/es\/?s={search_term_string}"},"query-input":{"@type":"PropertyValueSpecification","valueRequired":true,"valueName":"search_term_string"}}],"inLanguage":"es"},{"@type":"Organization","@id":"https:\/\/www.degrouxbrugere.com\/es\/#organization","name":"Degroux Brug\u00e8re","url":"https:\/\/www.degrouxbrugere.com\/es\/","logo":{"@type":"ImageObject","inLanguage":"es","@id":"https:\/\/www.degrouxbrugere.com\/es\/#\/schema\/logo\/image\/","url":"https:\/\/www.degrouxbrugere.com\/wp-content\/uploads\/2024\/07\/logo-1.png","contentUrl":"https:\/\/www.degrouxbrugere.com\/wp-content\/uploads\/2024\/07\/logo-1.png","width":122,"height":48,"caption":"Degroux Brug\u00e8re"},"image":{"@id":"https:\/\/www.degrouxbrugere.com\/es\/#\/schema\/logo\/image\/"}}]}},"_links":{"self":[{"href":"https:\/\/www.degrouxbrugere.com\/es\/wp-json\/wp\/v2\/pages\/1544","targetHints":{"allow":["GET"]}}],"collection":[{"href":"https:\/\/www.degrouxbrugere.com\/es\/wp-json\/wp\/v2\/pages"}],"about":[{"href":"https:\/\/www.degrouxbrugere.com\/es\/wp-json\/wp\/v2\/types\/page"}],"author":[{"embeddable":true,"href":"https:\/\/www.degrouxbrugere.com\/es\/wp-json\/wp\/v2\/users\/2"}],"replies":[{"embeddable":true,"href":"https:\/\/www.degrouxbrugere.com\/es\/wp-json\/wp\/v2\/comments?post=1544"}],"version-history":[{"count":3,"href":"https:\/\/www.degrouxbrugere.com\/es\/wp-json\/wp\/v2\/pages\/1544\/revisions"}],"predecessor-version":[{"id":2188,"href":"https:\/\/www.degrouxbrugere.com\/es\/wp-json\/wp\/v2\/pages\/1544\/revisions\/2188"}],"wp:featuredmedia":[{"embeddable":true,"href":"https:\/\/www.degrouxbrugere.com\/es\/wp-json\/wp\/v2\/media\/2618"}],"wp:attachment":[{"href":"https:\/\/www.degrouxbrugere.com\/es\/wp-json\/wp\/v2\/media?parent=1544"}],"curies":[{"name":"wp","href":"https:\/\/api.w.org\/{rel}","templated":true}]}}