{"id":1596,"date":"2024-10-22T12:08:48","date_gmt":"2024-10-22T10:08:48","guid":{"rendered":"http:\/\/degrouq.cluster100.hosting.ovh.net\/DB\/informacion-juridica\/"},"modified":"2024-10-22T12:34:46","modified_gmt":"2024-10-22T10:34:46","slug":"informacion-juridica","status":"publish","type":"page","link":"https:\/\/www.degrouxbrugere.com\/es\/informacion-juridica\/","title":{"rendered":"Informaci\u00f3n jur\u00eddica"},"content":{"rendered":"\n<p>De conformidad con las disposiciones de los art\u00edculos 6-III y 19 de la Ley n\u00ba 2004-575 de 21 de junio de 2004 sobre la confianza en la econom\u00eda digital, se informa a los usuarios y visitantes del sitio www.degrouxbrugere.com del presente aviso legal.<\/p>\n\n\n\n<p>Se puede acceder al sitio de Degroux Brug\u00e8re en la siguiente direcci\u00f3n: www.degrouxbrugere.com (en adelante \u00abel Sitio\u00bb). El acceso y la utilizaci\u00f3n del Sitio est\u00e1n sujetos al presente \u00abAviso Legal\u00bb detallado a continuaci\u00f3n, as\u00ed como a las leyes y\/o reglamentos aplicables.<\/p>\n\n\n\n<p>El presente Aviso Legal podr\u00e1 ser modificado o completado en cualquier momento, por lo que se aconseja a los usuarios del Sitio que lo consulten peri\u00f3dicamente.<\/p>\n\n\n\n<p>ART\u00cdCULO 1 &#8211; INFORMACI\u00d3N LEGAL<\/p>\n\n\n\n<p>El Sitio es propiedad de SCP Degroux Brug\u00e8re (en adelante Degroux Brug\u00e8re), sociedad inscrita en el Registro Mercantil de Par\u00eds con el n\u00famero 303 601 439, con un capital social de 1.248 euros, y cuyo domicilio social se encuentra en 134 boulevard Haussmann 75008 PAR\u00cdS (n\u00famero de IVA intracomunitario: FR 34303601439).<\/p>\n\n\n\n<p>Contacto:<\/p>\n\n\n\n<p>Tel\u00e9fono: +33 1 42 65 70 81<\/p>\n\n\n\n<p>Correo electr\u00f3nico: contact@degrouxbrugere.com<\/p>\n\n\n\n<p>El sitio est\u00e1 publicado y alojado por Oleane (Grupo Orange). Los directores de la publicaci\u00f3n del sitio son los socios de SCP Degroux Brug\u00e8re. El dise\u00f1o y la creaci\u00f3n se atribuyen a la empresa Nid\u00e9pices.<\/p>\n\n\n\n<p>Se consideran usuarios todos los internautas que naveguen, lean, consulten y utilicen el sitio www.degrouxbrugere.com (en adelante, los \u00abUsuarios\u00bb).<\/p>\n\n\n\n<p>Al utilizar el Sitio, el Usuario acepta las presentes condiciones de uso.<\/p>\n\n\n\n<p><\/p>\n\n\n\n<p>ART\u00cdCULO 2 &#8211; USO DEL SITIO E INFORMACI\u00d3N DISPONIBLE<\/p>\n\n\n\n<p>El usuario reconoce que dispone de las competencias y los medios necesarios para acceder a este sitio y utilizarlo.<\/p>\n\n\n\n<p>El usuario reconoce haber comprobado que la configuraci\u00f3n inform\u00e1tica utilizada no contiene ning\u00fan virus y que se encuentra en perfecto estado de funcionamiento.<\/p>\n\n\n\n<p>Degroux Brug\u00e8re no se hace responsable de:<\/p>\n\n\n\n<ul class=\"wp-block-list\">\n<li>la calidad del servicio, que se ofrece \u00abtal cual\u00bb;<\/li>\n\n\n\n<li>la interrupci\u00f3n del uso del sitio;<\/li>\n\n\n\n<li>la imposibilidad de utilizar el sitio;<\/li>\n\n\n\n<li>las violaciones de la seguridad inform\u00e1tica, que pueden causar da\u00f1os a los equipos inform\u00e1ticos y a los datos de los usuarios;<\/li>\n\n\n\n<li>la violaci\u00f3n de los derechos de los usuarios en general.<\/li>\n<\/ul>\n\n\n\n<p>La empresa Degroux Brug\u00e8re hace todo lo posible para ofrecer a los usuarios informaci\u00f3n o herramientas disponibles y verificadas, pero no se hace responsable de los errores, la falta de disponibilidad de funciones o la presencia de virus en su sitio.<\/p>\n\n\n\n<p>La informaci\u00f3n facilitada por Degroux Brug\u00e8re tiene car\u00e1cter meramente informativo y no debe utilizarse como sustituto de un an\u00e1lisis posterior y personalizado por parte del usuario.<\/p>\n\n\n\n<p>Degroux Brug\u00e8re no puede garantizar la exactitud, exhaustividad o actualidad de la informaci\u00f3n publicada en su sitio. La informaci\u00f3n que aparece en el sitio se proporciona a t\u00edtulo de informaci\u00f3n general.<\/p>\n\n\n\n<p>La empresa Degroux Brug\u00e8re hace todo lo posible para garantizar la exactitud y veracidad de la informaci\u00f3n contenida en el sitio y no puede en ning\u00fan caso ser considerada responsable de cualquier da\u00f1o que pueda ser causado por el uso de este sitio.<\/p>\n\n\n\n<p>Degroux Brug\u00e8re se basa en fuentes fiables para garantizar que la informaci\u00f3n disponible en el sitio es exacta y se actualiza peri\u00f3dicamente.<\/p>\n\n\n\n<p>La sociedad Degroux Brug\u00e8re se reserva el derecho de suprimir, cambiar o modificar este sitio en cualquier momento y sin previo aviso.<\/p>\n\n\n\n<p>La sociedad Degroux Brug\u00e8re no podr\u00e1 ser considerada responsable de ning\u00fan da\u00f1o, incluidos los da\u00f1os resultantes de la transmisi\u00f3n de documentos en Internet.<\/p>\n\n\n\n<p>La sociedad Degroux Brug\u00e8re se reserva el derecho de revisar, suprimir, modificar, validar o cambiar, total o parcialmente, cualquier contenido enviado al sitio web o publicado en \u00e9l.<\/p>\n\n\n\n<p>En consecuencia, los usuarios reconocen que utilizan esta informaci\u00f3n bajo su exclusiva responsabilidad.<\/p>\n\n\n\n<p><strong>ART\u00cdCULO 3 &#8211; PROPIEDAD INTELECTUAL <\/strong><\/p>\n\n\n\n<p>El contenido del sitio, la estructura general y el logotipo, los programas inform\u00e1ticos, los textos, las im\u00e1genes (animadas o no), las fotograf\u00edas, el sonido, los conocimientos t\u00e9cnicos y todos los dem\u00e1s elementos que componen el sitio son propiedad exclusiva del editor o de terceros que le hayan concedido los derechos necesarios.<\/p>\n\n\n\n<p>Los usuarios s\u00f3lo est\u00e1n autorizados a visualizar las p\u00e1ginas del sitio en su pantalla y s\u00f3lo tienen derecho a reproducir los elementos de propiedad intelectual del sitio con car\u00e1cter temporal y con el \u00fanico fin de consultarlo.<\/p>\n\n\n\n<p>Cualquier representaci\u00f3n total o parcial de este sitio, por cualquier persona, sin la autorizaci\u00f3n expresa del editor del sitio est\u00e1 prohibida y constituir\u00eda una infracci\u00f3n sancionada por los art\u00edculos L335-2 y siguientes del C\u00f3digo franc\u00e9s de la Propiedad Intelectual.<\/p>\n\n\n\n<p>Lo mismo ocurre con las bases de datos que aparecen en el sitio web, que est\u00e1n protegidas por los art\u00edculos del C\u00f3digo de la Propiedad Intelectual franc\u00e9s.<\/p>\n\n\n\n<p>Los signos distintivos del editor del sitio y de sus socios, tales como nombres de dominio, marcas, nombres y logotipos que aparecen en el sitio est\u00e1n protegidos por el C\u00f3digo de la Propiedad Intelectual.<\/p>\n\n\n\n<p>Por lo tanto, cualquier reproducci\u00f3n total o parcial de estos signos distintivos a partir de elementos del sitio sin la autorizaci\u00f3n expresa del editor del sitio est\u00e1 prohibida en virtud del C\u00f3digo de la Propiedad Intelectual, tal y como se establece en los art\u00edculos L713-2 y siguientes.<\/p>\n\n\n\n<p><strong>ARTICLE 4 \u2013 HYPERVINCULOS <\/strong><\/p>\n\n\n\n<p>Los enlaces de hipertexto establecidos en el marco del sitio web hacia otros recursos de Internet, y en particular hacia sus socios, han sido objeto de una autorizaci\u00f3n previa, expresa y por escrito.<\/p>\n\n\n\n<p>La sociedad Degroux Brug\u00e8re no puede hacerse responsable del acceso de los usuarios a trav\u00e9s de hiperv\u00ednculos establecidos en el marco del sitio web a otros recursos de la red.<\/p>\n\n\n\n<p>Degroux Brug\u00e8re declina toda responsabilidad relativa al contenido de las informaciones proporcionadas en estos recursos presentes en la red como consecuencia de la activaci\u00f3n de enlaces hipertexto.<\/p>\n\n\n\n<p>El usuario no podr\u00e1 establecer un enlace de hipertexto hacia este sitio sin la autorizaci\u00f3n previa y expresa de la sociedad Degroux Brug\u00e8re.<\/p>\n\n\n\n<p>Esta autorizaci\u00f3n no podr\u00e1 interpretarse en ning\u00fan caso como un acuerdo impl\u00edcito de afiliaci\u00f3n.<\/p>\n\n\n\n<p>En cualquier caso, los enlaces de hipertexto hacia el sitio web deber\u00e1n suprimirse a la primera solicitud de Degroux Brug\u00e8re.<\/p>\n\n\n\n<p><strong>ARTICLE 5 \u2013 LEY APLICABLE &#8211; JURISDICCI\u00d3N COMPETENTE <\/strong><\/p>\n\n\n\n<p>Tanto las normas de forma como las de fondo se rigen por la legislaci\u00f3n francesa. En consecuencia, cualquier litigio derivado directa o indirectamente de la utilizaci\u00f3n del sitio ser\u00e1 competencia de los tribunales franceses.<\/p>\n\n\n\n<p class=\"has-text-align-center\">***&nbsp;<\/p>\n\n\n\n<p><\/p>\n","protected":false},"excerpt":{"rendered":"<p>De conformidad con las disposiciones de los art\u00edculos 6-III y 19 de la Ley n\u00ba 2004-575 de 21 de junio de 2004 sobre la confianza en la econom\u00eda digital, se informa a los usuarios y visitantes del sitio www.degrouxbrugere.com del presente aviso legal. Se puede acceder al sitio de Degroux Brug\u00e8re en la siguiente direcci\u00f3n: [&hellip;]<\/p>\n","protected":false},"author":1,"featured_media":0,"parent":0,"menu_order":8,"comment_status":"closed","ping_status":"closed","template":"","meta":{"_acf_changed":false,"footnotes":""},"class_list":["post-1596","page","type-page","status-publish","hentry"],"acf":[],"yoast_head":"<!-- This site is optimized with the Yoast SEO plugin v26.5 - https:\/\/yoast.com\/wordpress\/plugins\/seo\/ -->\n<title>Informaci\u00f3n jur\u00eddica - Degroux Brug\u00e8re<\/title>\n<meta name=\"robots\" content=\"index, follow, max-snippet:-1, max-image-preview:large, max-video-preview:-1\" \/>\n<link rel=\"canonical\" href=\"https:\/\/www.degrouxbrugere.com\/es\/informacion-juridica\/\" \/>\n<meta property=\"og:locale\" content=\"es_ES\" \/>\n<meta property=\"og:type\" content=\"article\" \/>\n<meta property=\"og:title\" content=\"Informaci\u00f3n jur\u00eddica - Degroux Brug\u00e8re\" \/>\n<meta property=\"og:description\" content=\"De conformidad con las disposiciones de los art\u00edculos 6-III y 19 de la Ley n\u00ba 2004-575 de 21 de junio de 2004 sobre la confianza en la econom\u00eda digital, se informa a los usuarios y visitantes del sitio www.degrouxbrugere.com del presente aviso legal. Se puede acceder al sitio de Degroux Brug\u00e8re en la siguiente direcci\u00f3n: [&hellip;]\" \/>\n<meta property=\"og:url\" content=\"https:\/\/www.degrouxbrugere.com\/es\/informacion-juridica\/\" \/>\n<meta property=\"og:site_name\" content=\"Degroux Brug\u00e8re\" \/>\n<meta property=\"article:modified_time\" content=\"2024-10-22T10:34:46+00:00\" \/>\n<meta name=\"twitter:card\" content=\"summary_large_image\" \/>\n<meta name=\"twitter:label1\" content=\"Tiempo de lectura\" \/>\n\t<meta name=\"twitter:data1\" content=\"6 minutos\" \/>\n<script type=\"application\/ld+json\" class=\"yoast-schema-graph\">{\"@context\":\"https:\/\/schema.org\",\"@graph\":[{\"@type\":\"WebPage\",\"@id\":\"https:\/\/www.degrouxbrugere.com\/es\/informacion-juridica\/\",\"url\":\"https:\/\/www.degrouxbrugere.com\/es\/informacion-juridica\/\",\"name\":\"Informaci\u00f3n jur\u00eddica - Degroux Brug\u00e8re\",\"isPartOf\":{\"@id\":\"https:\/\/www.degrouxbrugere.com\/es\/#website\"},\"datePublished\":\"2024-10-22T10:08:48+00:00\",\"dateModified\":\"2024-10-22T10:34:46+00:00\",\"breadcrumb\":{\"@id\":\"https:\/\/www.degrouxbrugere.com\/es\/informacion-juridica\/#breadcrumb\"},\"inLanguage\":\"es\",\"potentialAction\":[{\"@type\":\"ReadAction\",\"target\":[\"https:\/\/www.degrouxbrugere.com\/es\/informacion-juridica\/\"]}]},{\"@type\":\"BreadcrumbList\",\"@id\":\"https:\/\/www.degrouxbrugere.com\/es\/informacion-juridica\/#breadcrumb\",\"itemListElement\":[{\"@type\":\"ListItem\",\"position\":1,\"name\":\"Accueil\",\"item\":\"https:\/\/www.degrouxbrugere.com\/es\/pagina-de-inicio\/\"},{\"@type\":\"ListItem\",\"position\":2,\"name\":\"Informaci\u00f3n jur\u00eddica\"}]},{\"@type\":\"WebSite\",\"@id\":\"https:\/\/www.degrouxbrugere.com\/es\/#website\",\"url\":\"https:\/\/www.degrouxbrugere.com\/es\/\",\"name\":\"Degroux Brug\u00e8re\",\"description\":\"\",\"publisher\":{\"@id\":\"https:\/\/www.degrouxbrugere.com\/es\/#organization\"},\"potentialAction\":[{\"@type\":\"SearchAction\",\"target\":{\"@type\":\"EntryPoint\",\"urlTemplate\":\"https:\/\/www.degrouxbrugere.com\/es\/?s={search_term_string}\"},\"query-input\":{\"@type\":\"PropertyValueSpecification\",\"valueRequired\":true,\"valueName\":\"search_term_string\"}}],\"inLanguage\":\"es\"},{\"@type\":\"Organization\",\"@id\":\"https:\/\/www.degrouxbrugere.com\/es\/#organization\",\"name\":\"Degroux Brug\u00e8re\",\"url\":\"https:\/\/www.degrouxbrugere.com\/es\/\",\"logo\":{\"@type\":\"ImageObject\",\"inLanguage\":\"es\",\"@id\":\"https:\/\/www.degrouxbrugere.com\/es\/#\/schema\/logo\/image\/\",\"url\":\"https:\/\/www.degrouxbrugere.com\/wp-content\/uploads\/2024\/07\/logo-1.png\",\"contentUrl\":\"https:\/\/www.degrouxbrugere.com\/wp-content\/uploads\/2024\/07\/logo-1.png\",\"width\":122,\"height\":48,\"caption\":\"Degroux Brug\u00e8re\"},\"image\":{\"@id\":\"https:\/\/www.degrouxbrugere.com\/es\/#\/schema\/logo\/image\/\"}}]}<\/script>\n<!-- \/ Yoast SEO plugin. -->","yoast_head_json":{"title":"Informaci\u00f3n jur\u00eddica - Degroux Brug\u00e8re","robots":{"index":"index","follow":"follow","max-snippet":"max-snippet:-1","max-image-preview":"max-image-preview:large","max-video-preview":"max-video-preview:-1"},"canonical":"https:\/\/www.degrouxbrugere.com\/es\/informacion-juridica\/","og_locale":"es_ES","og_type":"article","og_title":"Informaci\u00f3n jur\u00eddica - Degroux Brug\u00e8re","og_description":"De conformidad con las disposiciones de los art\u00edculos 6-III y 19 de la Ley n\u00ba 2004-575 de 21 de junio de 2004 sobre la confianza en la econom\u00eda digital, se informa a los usuarios y visitantes del sitio www.degrouxbrugere.com del presente aviso legal. Se puede acceder al sitio de Degroux Brug\u00e8re en la siguiente direcci\u00f3n: [&hellip;]","og_url":"https:\/\/www.degrouxbrugere.com\/es\/informacion-juridica\/","og_site_name":"Degroux Brug\u00e8re","article_modified_time":"2024-10-22T10:34:46+00:00","twitter_card":"summary_large_image","twitter_misc":{"Tiempo de lectura":"6 minutos"},"schema":{"@context":"https:\/\/schema.org","@graph":[{"@type":"WebPage","@id":"https:\/\/www.degrouxbrugere.com\/es\/informacion-juridica\/","url":"https:\/\/www.degrouxbrugere.com\/es\/informacion-juridica\/","name":"Informaci\u00f3n jur\u00eddica - Degroux Brug\u00e8re","isPartOf":{"@id":"https:\/\/www.degrouxbrugere.com\/es\/#website"},"datePublished":"2024-10-22T10:08:48+00:00","dateModified":"2024-10-22T10:34:46+00:00","breadcrumb":{"@id":"https:\/\/www.degrouxbrugere.com\/es\/informacion-juridica\/#breadcrumb"},"inLanguage":"es","potentialAction":[{"@type":"ReadAction","target":["https:\/\/www.degrouxbrugere.com\/es\/informacion-juridica\/"]}]},{"@type":"BreadcrumbList","@id":"https:\/\/www.degrouxbrugere.com\/es\/informacion-juridica\/#breadcrumb","itemListElement":[{"@type":"ListItem","position":1,"name":"Accueil","item":"https:\/\/www.degrouxbrugere.com\/es\/pagina-de-inicio\/"},{"@type":"ListItem","position":2,"name":"Informaci\u00f3n jur\u00eddica"}]},{"@type":"WebSite","@id":"https:\/\/www.degrouxbrugere.com\/es\/#website","url":"https:\/\/www.degrouxbrugere.com\/es\/","name":"Degroux Brug\u00e8re","description":"","publisher":{"@id":"https:\/\/www.degrouxbrugere.com\/es\/#organization"},"potentialAction":[{"@type":"SearchAction","target":{"@type":"EntryPoint","urlTemplate":"https:\/\/www.degrouxbrugere.com\/es\/?s={search_term_string}"},"query-input":{"@type":"PropertyValueSpecification","valueRequired":true,"valueName":"search_term_string"}}],"inLanguage":"es"},{"@type":"Organization","@id":"https:\/\/www.degrouxbrugere.com\/es\/#organization","name":"Degroux Brug\u00e8re","url":"https:\/\/www.degrouxbrugere.com\/es\/","logo":{"@type":"ImageObject","inLanguage":"es","@id":"https:\/\/www.degrouxbrugere.com\/es\/#\/schema\/logo\/image\/","url":"https:\/\/www.degrouxbrugere.com\/wp-content\/uploads\/2024\/07\/logo-1.png","contentUrl":"https:\/\/www.degrouxbrugere.com\/wp-content\/uploads\/2024\/07\/logo-1.png","width":122,"height":48,"caption":"Degroux Brug\u00e8re"},"image":{"@id":"https:\/\/www.degrouxbrugere.com\/es\/#\/schema\/logo\/image\/"}}]}},"_links":{"self":[{"href":"https:\/\/www.degrouxbrugere.com\/es\/wp-json\/wp\/v2\/pages\/1596","targetHints":{"allow":["GET"]}}],"collection":[{"href":"https:\/\/www.degrouxbrugere.com\/es\/wp-json\/wp\/v2\/pages"}],"about":[{"href":"https:\/\/www.degrouxbrugere.com\/es\/wp-json\/wp\/v2\/types\/page"}],"author":[{"embeddable":true,"href":"https:\/\/www.degrouxbrugere.com\/es\/wp-json\/wp\/v2\/users\/1"}],"replies":[{"embeddable":true,"href":"https:\/\/www.degrouxbrugere.com\/es\/wp-json\/wp\/v2\/comments?post=1596"}],"version-history":[{"count":3,"href":"https:\/\/www.degrouxbrugere.com\/es\/wp-json\/wp\/v2\/pages\/1596\/revisions"}],"predecessor-version":[{"id":1609,"href":"https:\/\/www.degrouxbrugere.com\/es\/wp-json\/wp\/v2\/pages\/1596\/revisions\/1609"}],"wp:attachment":[{"href":"https:\/\/www.degrouxbrugere.com\/es\/wp-json\/wp\/v2\/media?parent=1596"}],"curies":[{"name":"wp","href":"https:\/\/api.w.org\/{rel}","templated":true}]}}