{"id":1600,"date":"2024-10-22T12:12:51","date_gmt":"2024-10-22T10:12:51","guid":{"rendered":"http:\/\/degrouq.cluster100.hosting.ovh.net\/DB\/politique-dutilisation-et-de-gestion-des-cookies\/"},"modified":"2024-10-22T12:25:34","modified_gmt":"2024-10-22T10:25:34","slug":"politique-dutilisation-et-de-gestion-des-cookies","status":"publish","type":"page","link":"https:\/\/www.degrouxbrugere.com\/es\/politique-dutilisation-et-de-gestion-des-cookies\/","title":{"rendered":"Pol\u00edtica de utilizaci\u00f3n y gesti\u00f3n de cookies"},"content":{"rendered":"\n<p><strong>1. \u00bfQui\u00e9nes somos? <\/strong><\/p>\n\n\n\n<p>El sitio https:\/\/www.degrouxbrugere.com\/ (en adelante, el \u00abSitio\u00bb) es editado por Degroux Brug\u00e8re, con domicilio social en 134 boulevard Haussmann 75008 Par\u00eds, con un capital social de 1.248 euros, inscrita en el Registro Mercantil y de Sociedades de Par\u00eds con el n\u00famero 303 601 439.<\/p>\n\n\n\n<p><strong>2. Utilizaci\u00f3n de cookies <\/strong><\/p>\n\n\n\n<p>Se informa a los usuarios de que el sitio utiliza cookies, rastreadores y\/o cookies de conexi\u00f3n.<\/p>\n\n\n\n<p>La instalaci\u00f3n de cookies en su terminal puede estar sujeta a las elecciones y opciones que usted haya expresado o pueda expresar en cualquier momento de conformidad con la presente pol\u00edtica de uso y gesti\u00f3n de cookies.<\/p>\n\n\n\n<p><strong>3. \u00bfPor qu\u00e9 esta pol\u00edtica sobre el uso y la gesti\u00f3n de cookies?<\/strong><\/p>\n\n\n\n<p>En aras de la informaci\u00f3n y la transparencia, la presente pol\u00edtica de cookies tiene por objeto permitir a los usuarios conocer mejor el origen y la finalidad de la informaci\u00f3n de navegaci\u00f3n tratada cuando visitan los sitios, as\u00ed como sus derechos.<\/p>\n\n\n\n<p><strong>4. \u00bfQu\u00e9 son las cookies? <\/strong><\/p>\n\n\n\n<p>Las cookies son datos utilizados por un servidor para enviar informaci\u00f3n de estado al navegador de un usuario, y por ese navegador para enviar informaci\u00f3n de estado de vuelta al servidor de origen.<\/p>\n\n\n\n<p>La informaci\u00f3n de estado puede ser, por ejemplo, un identificador de sesi\u00f3n, un idioma, una fecha de caducidad, un dominio de respuesta, etc.<\/p>\n\n\n\n<p>Durante el periodo de validez de la cookie, las cookies permiten almacenar informaci\u00f3n de estado cuando un navegador accede a las distintas p\u00e1ginas de un sitio web o cuando el navegador vuelve posteriormente al sitio web.<\/p>\n\n\n\n<p>S\u00f3lo el emisor de una cookie puede leer o modificar la informaci\u00f3n contenida en ella.<\/p>\n\n\n\n<p>Existen diferentes tipos de cookies:<\/p>\n\n\n\n<ul class=\"wp-block-list\">\n<li>cookies permanentes, que permanecen en su terminal hasta que expira su vida \u00fatil o hasta que usted las borra utilizando las funciones de su navegador.<\/li>\n<\/ul>\n\n\n\n<ul class=\"wp-block-list\">\n<li>cookies de sesi\u00f3n, que desaparecen en cuanto abandona el sitio en cuesti\u00f3n ;<\/li>\n<\/ul>\n\n\n\n<p><strong>5. \u00bfPor qu\u00e9 utilizamos cookies? <\/strong><\/p>\n\n\n\n<p>CLa \u00fanica finalidad de algunas de estas cookies es permitir o facilitar la comunicaci\u00f3n electr\u00f3nica.<\/p>\n\n\n\n<p>Otras son estrictamente necesarias para la prestaci\u00f3n de un servicio de comunicaci\u00f3n en l\u00ednea a petici\u00f3n expresa del usuario.<\/p>\n\n\n\n<p>Otras se utilizan para mejorar la navegaci\u00f3n mediante el an\u00e1lisis de los h\u00e1bitos de navegaci\u00f3n de los internautas.<\/p>\n\n\n\n<p>Las principales finalidades de las cookies utilizadas son:<\/p>\n\n\n\n<ul class=\"wp-block-list\">\n<li>elaborar estad\u00edsticas y an\u00e1lisis sobre el n\u00famero de visitantes y el uso de nuestros sitios, sobre los patrones de navegaci\u00f3n, y medir la audiencia de los sitios y sus diversas \u00e1reas, con vistas a mejorarlos en particular.<\/li>\n<\/ul>\n\n\n\n<ul class=\"wp-block-list\">\n<li>contar los visitantes e identificar c\u00f3mo utilizan los sitios;<\/li>\n<\/ul>\n\n\n\n<ul class=\"wp-block-list\">\n<li>contabilizar y diferenciar las visitas<\/li>\n<\/ul>\n\n\n\n<ul class=\"wp-block-list\">\n<li>adaptar la visualizaci\u00f3n en funci\u00f3n de sus preferencias y de las caracter\u00edsticas de su terminal<\/li>\n<\/ul>\n\n\n\n<ul class=\"wp-block-list\">\n<li>identificar qu\u00e9 sitio o motor de b\u00fasqueda le trajo a nuestros sitios;<\/li>\n<\/ul>\n\n\n\n<ul class=\"wp-block-list\">\n<li>gestionar y hacer un seguimiento de sus elecciones en relaci\u00f3n con las cookies<\/li>\n<\/ul>\n\n\n\n<ul class=\"wp-block-list\">\n<li>gestionar las sesiones de usuario y las funcionalidades de su navegador;<\/li>\n<\/ul>\n\n\n\n<p><strong>6. \u00bfQu\u00e9 cookies utilizamos? <\/strong><\/p>\n\n\n\n<p>Nuestro sitio web utiliza Google Analytics, un servicio prestado por Google Inc (\u00abGoogle\u00bb), que nos permite analizar c\u00f3mo navegan los usuarios por nuestro sitio web, as\u00ed como elaborar estad\u00edsticas y medir nuestra audiencia.<\/p>\n\n\n\n<p>Estas cookies se depositan y leen en el equipo terminal del usuario y se accede a ellas en cuanto el usuario accede a un sitio web que utiliza el servicio Google Analytics.<\/p>\n\n\n\n<p>Contienen informaci\u00f3n como:<\/p>\n\n\n\n<ul class=\"wp-block-list\">\n<li>el nombre de dominio del sitio visitado ;<\/li>\n\n\n\n<li>un identificador de usuario;<\/li>\n\n\n\n<li>su historial de navegaci\u00f3n en el sitio web a trav\u00e9s del servicio \u00abGoogle Analytics\u00bb;<\/li>\n\n\n\n<li>su direcci\u00f3n IP para determinar la ciudad de conexi\u00f3n.<\/li>\n<\/ul>\n\n\n\n<p>Estos datos se anonimizan inmediatamente despu\u00e9s de su localizaci\u00f3n.<\/p>\n\n\n\n<p>Para m\u00e1s informaci\u00f3n, los usuarios pueden dirigirse a la siguiente p\u00e1gina: <a href=\"http:\/\/www.google.com\/analytics\/learn\/privacy.html\">http:\/\/www.google.com\/analytics\/learn\/privacy.html<\/a>.<\/p>\n\n\n\n<p>Para desactivar estas cookies, vaya a la p\u00e1gina siguiente: <a href=\"https:\/\/tools.google.com\/dlpage\/gaoptout?hl=fr\">https:\/\/tools.google.com\/dlpage\/gaoptout?hl=fr<\/a>.<\/p>\n\n\n\n<p><strong>7. Informaci\u00f3n en el sitio web <\/strong><\/p>\n\n\n\n<p>En el momento de su visita, el editor le informa de la utilizaci\u00f3n de cookies que analizan su navegaci\u00f3n con el fin de obtener estad\u00edsticas sobre los patrones de navegaci\u00f3n, las visitas a sus sitios y las configuraciones t\u00edpicas. Si no modifica la configuraci\u00f3n de su navegador de Internet despu\u00e9s de leer este aviso, consiente la implantaci\u00f3n de dichas cookies.<\/p>\n\n\n\n<p>Si desea rechazarlas, puede hacerlo de una de las formas que se describen a continuaci\u00f3n.<\/p>\n\n\n\n<p>Los usuarios pueden configurar su navegador para aceptar o rechazar las cookies en cada caso antes de su instalaci\u00f3n. Los usuarios tambi\u00e9n pueden eliminar regularmente las cookies de su terminal a trav\u00e9s de su navegador.<\/p>\n\n\n\n<p>Para la gesti\u00f3n de las cookies y las opciones del usuario, la configuraci\u00f3n de cada navegador es diferente. Se describe en el men\u00fa de ayuda del navegador utilizado y permite a los usuarios saber c\u00f3mo modificar sus deseos en materia de cookies.<\/p>\n\n\n\n<p>En cualquier caso, el usuario puede dirigirse a la secci\u00f3n de ayuda de su navegador para saber c\u00f3mo \u00e9ste le permite elegir qu\u00e9 cookies aceptar o rechazar.<\/p>\n\n\n\n<p>De lo anterior se desprende que el registro de una cookie en su terminal est\u00e1 esencialmente sujeto a su voluntad, que puede expresar y modificar en cualquier momento y de forma gratuita a trav\u00e9s de las opciones que le ofrece el software de su navegador.<\/p>\n\n\n\n<p>Si su navegador est\u00e1 configurado para aceptar cookies en su terminal, las cookies integradas en las p\u00e1ginas y contenidos que haya consultado podr\u00e1n almacenarse temporalmente en un espacio dedicado de su terminal. All\u00ed s\u00f3lo podr\u00e1n ser le\u00eddas por el remitente.<\/p>\n\n\n\n<p>Alternativamente, puede configurar su navegador para que rechace las cookies. A este respecto, se llama su atenci\u00f3n sobre el hecho de que, si configura su navegador para que rechace las cookies, es posible que no pueda acceder a determinadas funciones, p\u00e1ginas y zonas de los sitios, de lo cual no podr\u00e1 responsabilizarse al editor.<\/p>\n\n\n\n<p>Tambi\u00e9n llamamos la atenci\u00f3n del usuario sobre el hecho de que, cuando el usuario se opone a la instalaci\u00f3n o uso de una cookie, se puede instalar una cookie de rechazo en su equipo terminal. Si se elimina esta cookie de rechazo, ya no ser\u00e1 posible identificar al usuario como que se ha opuesto al uso de cookies.<\/p>\n\n\n\n<p><strong>8. Si desea m\u00e1s informaci\u00f3n<\/strong><\/p>\n\n\n\n<p>Si desea m\u00e1s informaci\u00f3n sobre las cookies, visite el sitio web de la CNIL en esta direcci\u00f3n: <a href=\"http:\/\/www.cnil.fr\/vos-droits\/vos-traces\/les-cookies\/%C2%A0\">http:\/\/www.cnil.fr\/vos-droits\/vos-traces\/les-cookies\/ <\/a><\/p>\n\n\n\n<p>\u00daltima fecha de actualizaci\u00f3n: 30\/09\/2024<\/p>\n","protected":false},"excerpt":{"rendered":"<p>1. \u00bfQui\u00e9nes somos? El sitio https:\/\/www.degrouxbrugere.com\/ (en adelante, el \u00abSitio\u00bb) es editado por Degroux Brug\u00e8re, con domicilio social en 134 boulevard Haussmann 75008 Par\u00eds, con un capital social de 1.248 euros, inscrita en el Registro Mercantil y de Sociedades de Par\u00eds con el n\u00famero 303 601 439. 2. Utilizaci\u00f3n de cookies Se informa a los [&hellip;]<\/p>\n","protected":false},"author":1,"featured_media":0,"parent":0,"menu_order":56,"comment_status":"closed","ping_status":"closed","template":"","meta":{"_acf_changed":false,"footnotes":""},"class_list":["post-1600","page","type-page","status-publish","hentry"],"acf":[],"yoast_head":"<!-- This site is optimized with the Yoast SEO plugin v26.5 - https:\/\/yoast.com\/wordpress\/plugins\/seo\/ -->\n<title>Pol\u00edtica de utilizaci\u00f3n y gesti\u00f3n de cookies - Degroux Brug\u00e8re<\/title>\n<meta name=\"robots\" content=\"index, follow, max-snippet:-1, max-image-preview:large, max-video-preview:-1\" \/>\n<link rel=\"canonical\" href=\"https:\/\/www.degrouxbrugere.com\/es\/politique-dutilisation-et-de-gestion-des-cookies\/\" \/>\n<meta property=\"og:locale\" content=\"es_ES\" \/>\n<meta property=\"og:type\" content=\"article\" \/>\n<meta property=\"og:title\" content=\"Pol\u00edtica de utilizaci\u00f3n y gesti\u00f3n de cookies - Degroux Brug\u00e8re\" \/>\n<meta property=\"og:description\" content=\"1. \u00bfQui\u00e9nes somos? El sitio https:\/\/www.degrouxbrugere.com\/ (en adelante, el \u00abSitio\u00bb) es editado por Degroux Brug\u00e8re, con domicilio social en 134 boulevard Haussmann 75008 Par\u00eds, con un capital social de 1.248 euros, inscrita en el Registro Mercantil y de Sociedades de Par\u00eds con el n\u00famero 303 601 439. 2. Utilizaci\u00f3n de cookies Se informa a los [&hellip;]\" \/>\n<meta property=\"og:url\" content=\"https:\/\/www.degrouxbrugere.com\/es\/politique-dutilisation-et-de-gestion-des-cookies\/\" \/>\n<meta property=\"og:site_name\" content=\"Degroux Brug\u00e8re\" \/>\n<meta property=\"article:modified_time\" content=\"2024-10-22T10:25:34+00:00\" \/>\n<meta name=\"twitter:card\" content=\"summary_large_image\" \/>\n<meta name=\"twitter:label1\" content=\"Tiempo de lectura\" \/>\n\t<meta name=\"twitter:data1\" content=\"6 minutos\" \/>\n<script type=\"application\/ld+json\" class=\"yoast-schema-graph\">{\"@context\":\"https:\/\/schema.org\",\"@graph\":[{\"@type\":\"WebPage\",\"@id\":\"https:\/\/www.degrouxbrugere.com\/es\/politique-dutilisation-et-de-gestion-des-cookies\/\",\"url\":\"https:\/\/www.degrouxbrugere.com\/es\/politique-dutilisation-et-de-gestion-des-cookies\/\",\"name\":\"Pol\u00edtica de utilizaci\u00f3n y gesti\u00f3n de cookies - Degroux Brug\u00e8re\",\"isPartOf\":{\"@id\":\"https:\/\/www.degrouxbrugere.com\/es\/#website\"},\"datePublished\":\"2024-10-22T10:12:51+00:00\",\"dateModified\":\"2024-10-22T10:25:34+00:00\",\"breadcrumb\":{\"@id\":\"https:\/\/www.degrouxbrugere.com\/es\/politique-dutilisation-et-de-gestion-des-cookies\/#breadcrumb\"},\"inLanguage\":\"es\",\"potentialAction\":[{\"@type\":\"ReadAction\",\"target\":[\"https:\/\/www.degrouxbrugere.com\/es\/politique-dutilisation-et-de-gestion-des-cookies\/\"]}]},{\"@type\":\"BreadcrumbList\",\"@id\":\"https:\/\/www.degrouxbrugere.com\/es\/politique-dutilisation-et-de-gestion-des-cookies\/#breadcrumb\",\"itemListElement\":[{\"@type\":\"ListItem\",\"position\":1,\"name\":\"Accueil\",\"item\":\"https:\/\/www.degrouxbrugere.com\/es\/pagina-de-inicio\/\"},{\"@type\":\"ListItem\",\"position\":2,\"name\":\"Pol\u00edtica de utilizaci\u00f3n y gesti\u00f3n de cookies\"}]},{\"@type\":\"WebSite\",\"@id\":\"https:\/\/www.degrouxbrugere.com\/es\/#website\",\"url\":\"https:\/\/www.degrouxbrugere.com\/es\/\",\"name\":\"Degroux Brug\u00e8re\",\"description\":\"\",\"publisher\":{\"@id\":\"https:\/\/www.degrouxbrugere.com\/es\/#organization\"},\"potentialAction\":[{\"@type\":\"SearchAction\",\"target\":{\"@type\":\"EntryPoint\",\"urlTemplate\":\"https:\/\/www.degrouxbrugere.com\/es\/?s={search_term_string}\"},\"query-input\":{\"@type\":\"PropertyValueSpecification\",\"valueRequired\":true,\"valueName\":\"search_term_string\"}}],\"inLanguage\":\"es\"},{\"@type\":\"Organization\",\"@id\":\"https:\/\/www.degrouxbrugere.com\/es\/#organization\",\"name\":\"Degroux Brug\u00e8re\",\"url\":\"https:\/\/www.degrouxbrugere.com\/es\/\",\"logo\":{\"@type\":\"ImageObject\",\"inLanguage\":\"es\",\"@id\":\"https:\/\/www.degrouxbrugere.com\/es\/#\/schema\/logo\/image\/\",\"url\":\"https:\/\/www.degrouxbrugere.com\/wp-content\/uploads\/2024\/07\/logo-1.png\",\"contentUrl\":\"https:\/\/www.degrouxbrugere.com\/wp-content\/uploads\/2024\/07\/logo-1.png\",\"width\":122,\"height\":48,\"caption\":\"Degroux Brug\u00e8re\"},\"image\":{\"@id\":\"https:\/\/www.degrouxbrugere.com\/es\/#\/schema\/logo\/image\/\"}}]}<\/script>\n<!-- \/ Yoast SEO plugin. -->","yoast_head_json":{"title":"Pol\u00edtica de utilizaci\u00f3n y gesti\u00f3n de cookies - Degroux Brug\u00e8re","robots":{"index":"index","follow":"follow","max-snippet":"max-snippet:-1","max-image-preview":"max-image-preview:large","max-video-preview":"max-video-preview:-1"},"canonical":"https:\/\/www.degrouxbrugere.com\/es\/politique-dutilisation-et-de-gestion-des-cookies\/","og_locale":"es_ES","og_type":"article","og_title":"Pol\u00edtica de utilizaci\u00f3n y gesti\u00f3n de cookies - Degroux Brug\u00e8re","og_description":"1. \u00bfQui\u00e9nes somos? El sitio https:\/\/www.degrouxbrugere.com\/ (en adelante, el \u00abSitio\u00bb) es editado por Degroux Brug\u00e8re, con domicilio social en 134 boulevard Haussmann 75008 Par\u00eds, con un capital social de 1.248 euros, inscrita en el Registro Mercantil y de Sociedades de Par\u00eds con el n\u00famero 303 601 439. 2. Utilizaci\u00f3n de cookies Se informa a los [&hellip;]","og_url":"https:\/\/www.degrouxbrugere.com\/es\/politique-dutilisation-et-de-gestion-des-cookies\/","og_site_name":"Degroux Brug\u00e8re","article_modified_time":"2024-10-22T10:25:34+00:00","twitter_card":"summary_large_image","twitter_misc":{"Tiempo de lectura":"6 minutos"},"schema":{"@context":"https:\/\/schema.org","@graph":[{"@type":"WebPage","@id":"https:\/\/www.degrouxbrugere.com\/es\/politique-dutilisation-et-de-gestion-des-cookies\/","url":"https:\/\/www.degrouxbrugere.com\/es\/politique-dutilisation-et-de-gestion-des-cookies\/","name":"Pol\u00edtica de utilizaci\u00f3n y gesti\u00f3n de cookies - Degroux Brug\u00e8re","isPartOf":{"@id":"https:\/\/www.degrouxbrugere.com\/es\/#website"},"datePublished":"2024-10-22T10:12:51+00:00","dateModified":"2024-10-22T10:25:34+00:00","breadcrumb":{"@id":"https:\/\/www.degrouxbrugere.com\/es\/politique-dutilisation-et-de-gestion-des-cookies\/#breadcrumb"},"inLanguage":"es","potentialAction":[{"@type":"ReadAction","target":["https:\/\/www.degrouxbrugere.com\/es\/politique-dutilisation-et-de-gestion-des-cookies\/"]}]},{"@type":"BreadcrumbList","@id":"https:\/\/www.degrouxbrugere.com\/es\/politique-dutilisation-et-de-gestion-des-cookies\/#breadcrumb","itemListElement":[{"@type":"ListItem","position":1,"name":"Accueil","item":"https:\/\/www.degrouxbrugere.com\/es\/pagina-de-inicio\/"},{"@type":"ListItem","position":2,"name":"Pol\u00edtica de utilizaci\u00f3n y gesti\u00f3n de cookies"}]},{"@type":"WebSite","@id":"https:\/\/www.degrouxbrugere.com\/es\/#website","url":"https:\/\/www.degrouxbrugere.com\/es\/","name":"Degroux Brug\u00e8re","description":"","publisher":{"@id":"https:\/\/www.degrouxbrugere.com\/es\/#organization"},"potentialAction":[{"@type":"SearchAction","target":{"@type":"EntryPoint","urlTemplate":"https:\/\/www.degrouxbrugere.com\/es\/?s={search_term_string}"},"query-input":{"@type":"PropertyValueSpecification","valueRequired":true,"valueName":"search_term_string"}}],"inLanguage":"es"},{"@type":"Organization","@id":"https:\/\/www.degrouxbrugere.com\/es\/#organization","name":"Degroux Brug\u00e8re","url":"https:\/\/www.degrouxbrugere.com\/es\/","logo":{"@type":"ImageObject","inLanguage":"es","@id":"https:\/\/www.degrouxbrugere.com\/es\/#\/schema\/logo\/image\/","url":"https:\/\/www.degrouxbrugere.com\/wp-content\/uploads\/2024\/07\/logo-1.png","contentUrl":"https:\/\/www.degrouxbrugere.com\/wp-content\/uploads\/2024\/07\/logo-1.png","width":122,"height":48,"caption":"Degroux Brug\u00e8re"},"image":{"@id":"https:\/\/www.degrouxbrugere.com\/es\/#\/schema\/logo\/image\/"}}]}},"_links":{"self":[{"href":"https:\/\/www.degrouxbrugere.com\/es\/wp-json\/wp\/v2\/pages\/1600","targetHints":{"allow":["GET"]}}],"collection":[{"href":"https:\/\/www.degrouxbrugere.com\/es\/wp-json\/wp\/v2\/pages"}],"about":[{"href":"https:\/\/www.degrouxbrugere.com\/es\/wp-json\/wp\/v2\/types\/page"}],"author":[{"embeddable":true,"href":"https:\/\/www.degrouxbrugere.com\/es\/wp-json\/wp\/v2\/users\/1"}],"replies":[{"embeddable":true,"href":"https:\/\/www.degrouxbrugere.com\/es\/wp-json\/wp\/v2\/comments?post=1600"}],"version-history":[{"count":2,"href":"https:\/\/www.degrouxbrugere.com\/es\/wp-json\/wp\/v2\/pages\/1600\/revisions"}],"predecessor-version":[{"id":1605,"href":"https:\/\/www.degrouxbrugere.com\/es\/wp-json\/wp\/v2\/pages\/1600\/revisions\/1605"}],"wp:attachment":[{"href":"https:\/\/www.degrouxbrugere.com\/es\/wp-json\/wp\/v2\/media?parent=1600"}],"curies":[{"name":"wp","href":"https:\/\/api.w.org\/{rel}","templated":true}]}}